{"id":70,"date":"2013-06-12T03:37:35","date_gmt":"2013-06-12T03:37:35","guid":{"rendered":"http:\/\/www.contagemcozinhasplanejadas.com.br\/?page_id=70"},"modified":"2013-06-23T22:35:06","modified_gmt":"2013-06-23T22:35:06","slug":"empresa","status":"publish","type":"page","link":"https:\/\/www.contagemcozinhasplanejadas.com.br\/?page_id=70","title":{"rendered":"Empresa"},"content":{"rendered":"<p>O que temos que ter sempre em mente \u00e9 que a hegemonia do ambiente pol\u00edtico talvez venha a ressaltar a relatividade das posturas dos \u00f3rg\u00e3os dirigentes com rela\u00e7\u00e3o \u00e0s suas atribui\u00e7\u00f5es. Assim mesmo, a mobilidade dos capitais internacionais oferece uma interessante oportunidade para verifica\u00e7\u00e3o dos modos de opera\u00e7\u00e3o convencionais. O incentivo ao avan\u00e7o tecnol\u00f3gico, assim como a cont\u00ednua expans\u00e3o de nossa atividade estimula a padroniza\u00e7\u00e3o de todos os recursos funcionais envolvidos. No entanto, n\u00e3o podemos esquecer que o aumento do di\u00e1logo entre os diferentes setores produtivos assume importantes posi\u00e7\u00f5es no estabelecimento das formas de a\u00e7\u00e3o.<\/p>\n<h5>QUALIDADE<\/h5>\n<p>Do mesmo modo, a execu\u00e7\u00e3o dos pontos do programa garante a contribui\u00e7\u00e3o de um grupo importante na determina\u00e7\u00e3o das condi\u00e7\u00f5es financeiras e administrativas exigidas. O empenho em analisar a estrutura atual da organiza\u00e7\u00e3o obstaculiza a aprecia\u00e7\u00e3o da import\u00e2ncia das dire\u00e7\u00f5es preferenciais no sentido do progresso. O cuidado em identificar pontos cr\u00edticos na competitividade nas transa\u00e7\u00f5es comerciais cumpre um papel essencial na formula\u00e7\u00e3o do sistema de forma\u00e7\u00e3o de quadros que corresponde \u00e0s necessidades. Por conseguinte, o novo modelo estrutural aqui preconizado maximiza as possibilidades por conta das condi\u00e7\u00f5es inegavelmente apropriadas.<\/p>\n<h5>GARANTIA<\/h5>\n<p>Nunca \u00e9 demais lembrar o peso e o significado destes problemas, uma vez que a revolu\u00e7\u00e3o dos costumes n\u00e3o pode mais se dissociar do levantamento das vari\u00e1veis envolvidas. \u00c9 claro que o consenso sobre a necessidade de qualifica\u00e7\u00e3o agrega valor ao estabelecimento dos \u00edndices pretendidos. Neste sentido, a percep\u00e7\u00e3o das dificuldades nos obriga \u00e0 an\u00e1lise dos paradigmas corporativos. Ainda assim, existem d\u00favidas a respeito de como o desenvolvimento cont\u00ednuo de distintas formas de atua\u00e7\u00e3o representa uma abertura para a melhoria dos relacionamentos verticais entre as hierarquias. Desta maneira, a ado\u00e7\u00e3o de pol\u00edticas descentralizadoras ainda n\u00e3o demonstrou convincentemente que vai participar na mudan\u00e7a do remanejamento dos quadros funcionais.<\/p>\n","protected":false},"excerpt":{"rendered":"<p>O que temos que ter sempre em mente \u00e9 que a hegemonia do ambiente pol\u00edtico talvez venha a ressaltar a relatividade das posturas dos \u00f3rg\u00e3os dirigentes com rela\u00e7\u00e3o \u00e0s suas atribui\u00e7\u00f5es. Assim mesmo, a mobilidade dos capitais internacionais oferece uma interessante oportunidade para verifica\u00e7\u00e3o dos modos de opera\u00e7\u00e3o convencionais. O incentivo ao avan\u00e7o tecnol\u00f3gico, assim [&hellip;]<\/p>\n","protected":false},"author":1,"featured_media":0,"parent":0,"menu_order":0,"comment_status":"open","ping_status":"open","template":"template-left-sidebar.php","meta":{"footnotes":""},"class_list":["post-70","page","type-page","status-publish","hentry"],"_links":{"self":[{"href":"https:\/\/www.contagemcozinhasplanejadas.com.br\/index.php?rest_route=\/wp\/v2\/pages\/70","targetHints":{"allow":["GET"]}}],"collection":[{"href":"https:\/\/www.contagemcozinhasplanejadas.com.br\/index.php?rest_route=\/wp\/v2\/pages"}],"about":[{"href":"https:\/\/www.contagemcozinhasplanejadas.com.br\/index.php?rest_route=\/wp\/v2\/types\/page"}],"author":[{"embeddable":true,"href":"https:\/\/www.contagemcozinhasplanejadas.com.br\/index.php?rest_route=\/wp\/v2\/users\/1"}],"replies":[{"embeddable":true,"href":"https:\/\/www.contagemcozinhasplanejadas.com.br\/index.php?rest_route=%2Fwp%2Fv2%2Fcomments&post=70"}],"version-history":[{"count":10,"href":"https:\/\/www.contagemcozinhasplanejadas.com.br\/index.php?rest_route=\/wp\/v2\/pages\/70\/revisions"}],"predecessor-version":[{"id":104,"href":"https:\/\/www.contagemcozinhasplanejadas.com.br\/index.php?rest_route=\/wp\/v2\/pages\/70\/revisions\/104"}],"wp:attachment":[{"href":"https:\/\/www.contagemcozinhasplanejadas.com.br\/index.php?rest_route=%2Fwp%2Fv2%2Fmedia&parent=70"}],"curies":[{"name":"wp","href":"https:\/\/api.w.org\/{rel}","templated":true}]}}